{"id":2066,"date":"2025-09-17T11:55:34","date_gmt":"2025-09-17T09:55:34","guid":{"rendered":"https:\/\/kessler-handorn.de\/karriere\/?page_id=2066"},"modified":"2025-09-17T12:13:05","modified_gmt":"2025-09-17T10:13:05","slug":"datenschutzhinweise-bewerber","status":"publish","type":"page","link":"https:\/\/kessler-handorn.de\/karriere\/datenschutzhinweise-bewerber\/","title":{"rendered":"Datenhinweise f\u00fcr Bewerber"},"content":{"rendered":"\n<h1>\n\t\t\tDatenschutzhinweise f\u00fcr Bewerber\t<\/h1>\n\t<p>Wir freuen uns, dass Sie unsere Website besuchen. Der Schutz und die Sicherheit Ihrer pers\u00f6nlichen Informationen bei der Nutzung unserer Website ist f\u00fcr uns sehr wichtig. Wir m\u00f6chten Sie daher an dieser Stelle dar\u00fcber informieren, welche Ihrer personenbezogenen Daten wir beim Besuch unserer Website erfassen und f\u00fcr welche Zwecke diese verwendet werden.<\/p>\n<section data-id=\"c5dfd6b\" data-element_type=\"section\">\n<h3>Sehr geehrte Bewerberin, sehr geehrte Bewerber,<\/h3>\n<p>wir freuen uns, dass Sie sich f\u00fcr uns interessieren und sich f\u00fcr eine Stelle in unserem Unternehmen bewerben oder beworben haben. Ab dem 25.05.2018 gilt die Datenschutzgrundverordnung (DSGVO), welche europaweit die Verarbeitung personenbezogener Daten regelt. Gerne kommen wir hiermit unserer Pflicht nach, Sie umfassend \u00fcber unseren Datenschutz zu informieren.<\/p>\n<\/section>\n<h3>Wer ist verantwortlich?<\/h3>\nKessler-Handorn<br \/>\nAn der Feuerwache 10<br \/>\n67663 Kaiserslautern\n<p><strong>Unseren Datenschutzbeauftragten erreichen Sie wie folgt<\/strong><\/p>\nKaMUX GmbH &amp; Co. KG<br \/>\nHerzogstra\u00dfe 26<br \/>\n66953 Pirmasens<br \/>\nE-Mail: <a href=\"mailto:datenschutz@kessler-handorn.de\">datenschutz@kessler-handorn.de<\/a>\n<p>Wenden Sie sich bei Fragen zu unserem Datenschutz gerne jederzeit an uns oder unseren Datenschutzbeauftragten.<\/p>\n<h3>Welche Daten von Ihnen werden von uns verarbeitet? Und zu welchen Zwecken?<\/h3>\n<p>Wir verarbeiten die Daten, die Sie uns im Zusammenhang mit Ihrer Bewerbung zugesendet haben, um Ihre Eignung f\u00fcr die Stelle (oder ggf. andere offene Positionen in unseren Unternehmen) zu pr\u00fcfen und das Bewerbungsverfahren durchzuf\u00fchren.<\/p>\n<p>Mit Ihrer Einwilligung halten wir Ihre Bewerbung in unserem Bewerber-Pool vor, um Sie ggf. zu einem sp\u00e4teren Zeitpunkt f\u00fcr die Besetzung einer anderen Stelle kontaktieren zu k\u00f6nnen.<\/p>\n<section data-id=\"0cf6208\" data-element_type=\"section\">\n<section data-id=\"0cf6208\" data-element_type=\"section\">\n<h3>Aus diesen Quellen beziehen wir die Daten<\/h3>\n<p>Wir verarbeiten die Daten, die Sie uns im Zusammenhang mit Ihrer Bewerbung zugesendet haben, um Ihre Eignung f\u00fcr die Stelle (oder ggf. andere offene Positionen in unseren Unternehmen) zu pr\u00fcfen und das Bewerbungsverfahren durchzuf\u00fchren. Ihre Bewerbung k\u00f6nnen Sie auf unterschiedliche Art zu uns senden: per E-Mail an\u00a0<a href=\"mailto:bewerbung@kessler-handorn.de\">bewerbung@kessler-handorn.de<\/a>\u00a0oder \u00fcber unser Bewerbungsformular auf unserer Webseite\u00a0<a href=\"https:\/\/www.kessler-handorn.de\/online-bewerbung\/\">www.kessler-handorn.de\/online-bewerbung\/<\/a>. Unabh\u00e4ngig vom Weg zu uns verarbeiten wir Ihre Daten immer gleich.<\/p>\n<h3>Auf welcher rechtlichen Grundlage basiert das?<\/h3>\n<p>Rechtsgrundlage f\u00fcr die Verarbeitung Ihrer personenbezogenen Daten in diesem Bewerbungsverfahren ist prim\u00e4r \u00a7 26 BDSG. Danach ist die Verarbeitung der Daten zul\u00e4ssig, die im Zusammenhang mit der Entscheidung \u00fcber die Begr\u00fcndung eines Besch\u00e4ftigungsverh\u00e4ltnisses erforderlich sind.<\/p>\n<p>Sollten die Daten nach Abschluss des Bewerbungsverfahrens ggf. zur Rechtsverfolgung erforderlich sein, kann eine Datenverarbeitung auf Basis der Voraussetzungen von Art. 6 DSGVO, insbesondere zur Wahrnehmung von berechtigten Interessen nach Art. 6 Abs. 1 Uabs. 1 lit. f DSGVO erfolgen. Unser Interesse besteht dann in der Geltendmachung oder Abwehr von Anspr\u00fcchen.<\/p>\n<p>Wir speichern Ihre Bewerberdaten ausschlie\u00dflich mit Ihrer Einwilligung nach Art. 6 Abs. 1 Uabs. 1 lit. a DSGVO in unserem Bewerberpool.<\/p>\n<h3>Welche Daten von Ihnen werden von uns verarbeitet? Und zu welchen Zwecken?<\/h3>\n<\/section>\n<section data-id=\"4f698e6\" data-element_type=\"section\">\n<p>Wir verarbeiten die Daten, die Sie uns im Zusammenhang mit Ihrer Bewerbung zugesendet haben, um Ihre Eignung f\u00fcr die Stelle (oder ggf. andere offene Positionen in unseren Unternehmen) zu pr\u00fcfen und das Bewerbungsverfahren durchzuf\u00fchren. Mit Ihrer Einwilligung halten wir Ihre Bewerbung in unserem Bewerber-Pool vor, um Sie ggf. zu einem sp\u00e4teren Zeitpunkt f\u00fcr die Besetzung einer anderen Stelle kontaktieren zu k\u00f6nnen.<\/p>\n<\/section>\n<\/section>\n<section data-id=\"4f698e6\" data-element_type=\"section\">\n<h3>Wie lange werden die Daten gespeichert?<\/h3>\n<p>Daten von Bewerberinnen und Bewerbern werden im Falle einer Absage nach 6 Monaten gel\u00f6scht.<\/p>\n<p>F\u00fcr den Fall, dass Sie einer weiteren Speicherung Ihrer personenbezogenen Daten zugestimmt haben, werden wir Ihre Daten in unseren Bewerber-Pool \u00fcbernehmen. Hier k\u00f6nnen Sie die Eintragung jederzeit widerrufen.<\/p>\n<p>Sollten Sie im Rahmen des Bewerbungsverfahrens ein Bewerbungsgespr\u00e4ch bei uns gef\u00fchrt haben, so werden Ihre Daten sp\u00e4testens nach 36 Monaten gel\u00f6scht.<\/p>\n<p>Sollten Sie im Rahmen des Bewerbungsverfahrens den Zuschlag f\u00fcr eine Stelle erhalten haben, werden die Daten aus dem Bewerberdatensystem in unser Personalinformationssystem \u00fcberf\u00fchrt.<\/p>\n<h3>Wer bekommt meine Daten?<\/h3>\n<p>Ihre Bewerberdaten werden nach Eingang Ihrer Bewerbung von uns gesichtet. Geeignete Bewerbungen werden dann intern an die Abteilungsverantwortlichen f\u00fcr die jeweils offene Position weitergeleitet. Dann wird der weitere Ablauf abgestimmt. Im Unternehmen haben grunds\u00e4tzlich nur die Personen Zugriff auf Ihre Daten, die dies f\u00fcr den ordnungsgem\u00e4\u00dfen Ablauf unseres Bewerbungsverfahrens ben\u00f6tigen.<\/p>\n<p>Wir nutzen f\u00fcr den Bewerbungsprozess einen spezialisierten Software-Anbieter. Dieser wird als Dienstleister f\u00fcr uns t\u00e4tig und kann im Zusammenhang mit der Wartung und Pflege der Systeme ggf. auch Kenntnis von Ihren personenbezogenen Daten erhalten. Wir haben mit diesem Anbieter einen sog. Auftragsverarbeitungsvertrag abgeschlossen, der sicherstellt, dass die Datenverarbeitung in zul\u00e4ssiger Weise erfolgt.<\/p>\n<p>Ihre Daten werden nicht in L\u00e4nder au\u00dferhalb der EU oder an internationale Organisationen \u00fcbermittelt. Eine auf einer automatisierten Entscheidung beruhenden Verarbeitung findet bei uns nicht statt. Ein Profiling, d.h. die automatisierte Verarbeitung mit dem Ziel, bestimmte pers\u00f6nliche Aspekte zu bewerten, findet bei uns ebenfalls nicht statt.<\/p>\n<h3>Wie kann ich im Bewerber-Pool aufgenommen werden?<\/h3>\n<p>Sofern wir Ihnen kein Stellenangebot machen, besteht die M\u00f6glichkeit, Sie in unseren Bewerber-Pool aufzunehmen. Im Falle der Aufnahme werden alle Dokumente und Angaben aus der Bewerbung in den Bewerber-Pool \u00fcbernommen, damit wir Sie ggf. im Zusammenhang mit einem sp\u00e4teren Stellenangebot kontaktieren k\u00f6nnen.<\/p>\n<p>Die Aufnahme in den Bewerber-Pool geschieht ausschlie\u00dflich auf Grundlage Ihrer ausdr\u00fccklichen Einwilligung (Art. 6 Abs. 1 Uabs. 1 lit. a DSGVO). In diesem Fall werden wir Sie per E-Mail nach Ihrer Einwilligung fragen, die Sie uns formlos mit einer Antwort gew\u00e4hren k\u00f6nnen.<\/p>\n<p>Die Abgabe der Einwilligung ist freiwillig und steht in keinem Bezug zum laufenden Bewerbungsverfahren. Sie k\u00f6nnen Ihre Einwilligung jederzeit widerrufen. In diesem Falle werden die Daten aus dem Bewerber-Pool unwiderruflich gel\u00f6scht, sofern keine gesetzlichen Aufbewahrungsgr\u00fcnde vorliegen. Die Daten aus dem Bewerber-Pool werden sp\u00e4testens zwei Jahre nach Erteilung der Einwilligung unwiderruflich gel\u00f6scht.<\/p>\n<h3>Wo werden die Daten verarbeitet?<\/h3>\n<p>Die Daten werden ausschlie\u00dflich in Rechenzentren der EU verarbeitet.<\/p>\n<h3>Welche Rechte habe ich?<\/h3>\n<\/section>\n<section data-id=\"984cdf1\" data-element_type=\"section\">\n<p>Unter den Voraussetzungen der gesetzlichen Vorschriften der Datenschutzgrundverordnung (DSGVO) haben Sie als betroffene Person folgende Rechte:<\/p>\n<ul>\n<li>Auskunft gem. Art. 15 DSGVO \u00fcber die zu Ihrer Person gespeicherten Daten in Form von aussagekr\u00e4ftigen Informationen zu den Einzelheiten der Verarbeitung sowie eine Kopie Ihrer Daten;<\/li>\n<li>Berichtigung gem. Art. 16 DSGVO von unrichtigen oder unvollst\u00e4ndigen Daten, die bei uns gespeichert sind;<\/li>\n<li>L\u00f6schung gem. Art. 17 DSGVO der bei uns gespeicherten Daten, soweit die Verarbeitung nicht zur Aus\u00fcbung des Rechts auf freie Meinungs\u00e4u\u00dferung und Information, zur Erf\u00fcllung einer rechtlichen Verpflichtung, aus Gr\u00fcnden des \u00f6ffentlichen Interesses oder zur Geltendmachung, Aus\u00fcbung oder Verteidigung von Rechtsanspr\u00fcchen erforderlich ist;<\/li>\n<li>Einschr\u00e4nkung der Verarbeitung gem. Art. 18 DSGVO, soweit die Richtigkeit der Daten bestritten wird, die Verarbeitung unrechtm\u00e4\u00dfig ist, wir die Daten nicht mehr ben\u00f6tigen und Sie deren L\u00f6schung ablehnen, weil Sie diese zur Geltendmachung, Aus\u00fcbung oder Verteidigung von Rechtsanspr\u00fcchen ben\u00f6tigen oder Sie Widerspruch gegen die Verarbeitung gem. Art. 21 DSGVO erhoben haben.<\/li>\n<li>Daten\u00fcbertragbarkeit gem. Art. 20 DSGVO, soweit Sie uns personenbezogene Daten im Rahmen einer Einwilligung gem. Art. 6 Abs. 1 UAbs. 1 lit. a DSGVO oder auf Grundlage eines Vertrages gem. Art. 6 Abs. 1 UAbs. 1 lit. b DSGVO bereitgestellt haben und diese durch uns mithilfe automatisierter Verfahren verarbeitet wurden. Sie erhalten Ihre Daten in einem strukturierten, g\u00e4ngigen und maschinenlesbaren Format bzw. wir \u00fcbermitteln die Daten direkt an einen anderen Verantwortlichen, soweit dies technisch machbar ist.<\/li>\n<li>Widerspruch gem. Art. 21 DSGVO gegen die Verarbeitung Ihrer personenbezogenen Daten, soweit diese auf Grundlage des Art. 6 Abs. 1 UAbs. 1 lit. e, f DSGVO erfolgt und daf\u00fcr Gr\u00fcnde vorliegen, die sich aus Ihrer besonderen Situation ergeben oder sich der Widerspruch gegen Direktwerbung richtet. Das Recht auf Widerspruch besteht nicht, wenn \u00fcberwiegende, zwingende schutzw\u00fcrdige Gr\u00fcnde f\u00fcr die Verarbeitung nachgewiesen werden oder die Verarbeitung zur Geltendmachung, Aus\u00fcbung oder Verteidigung von Rechtsanspr\u00fcchen erfolgt. Soweit das Recht auf Widerspruch bei einzelnen Verarbeitungsvorg\u00e4ngen nicht besteht, ist dies dort angegeben.<\/li>\n<li>Widerruf gem. Art. 7 Abs. 3 DSGVO Ihrer erteilten Einwilligung mit Wirkung f\u00fcr die Zukunft.<\/li>\n<li>Beschwerde gem. Art. 77 DSGVO bei einer Aufsichtsbeh\u00f6rde, wenn Sie der Ansicht sind, die Verarbeitung Ihrer personenbezogenen Daten verst\u00f6\u00dft gegen die DSGVO. In der Regel k\u00f6nnen Sie sich an die Aufsichtsbeh\u00f6rde Ihres \u00fcblichen Aufenthaltsortes, Ihres Arbeitsplatzes oder unseres Unternehmenssitzes wenden.<\/li>\n<\/ul>\n<h3>\u00c4nderung dieser Datenschutzhinweise<\/h3>\n<\/section>\n<section data-id=\"b97137d\" data-element_type=\"section\">\n<p>Wir \u00fcberarbeiten diese Datenschutzhinweise bei \u00c4nderungen an unserem Bewerbungsprozess oder bei sonstigen Anl\u00e4ssen, die dies erforderlich machen. Die jeweils aktuelle Fassung finden Sie stets unter https:\/\/kessler-handorn.de\/datenschutzhinweise-bewerber\/<\/p>\n<\/section>\n\n","protected":false},"excerpt":{"rendered":"<p>Datenschutzhinweise f\u00fcr Bewerber Wir freuen uns, dass Sie unsere Website besuchen. Der Schutz und die Sicherheit Ihrer pers\u00f6nlichen Informationen bei der Nutzung unserer Website ist f\u00fcr uns sehr wichtig. Wir m\u00f6chten Sie daher an dieser Stelle dar\u00fcber informieren, welche Ihrer personenbezogenen Daten wir beim Besuch unserer Website erfassen und f\u00fcr welche Zwecke diese verwendet werden. &#8230; <a title=\"Datenhinweise f\u00fcr Bewerber\" class=\"read-more\" href=\"https:\/\/kessler-handorn.de\/karriere\/datenschutzhinweise-bewerber\/\" aria-label=\"Mehr Informationen \u00fcber Datenhinweise f\u00fcr Bewerber\">Weiterlesen<\/a><\/p>\n","protected":false},"author":4,"featured_media":0,"parent":0,"menu_order":0,"comment_status":"closed","ping_status":"closed","template":"","meta":{"_acf_changed":false,"_seopress_robots_primary_cat":"","_seopress_titles_title":"","_seopress_titles_desc":"","_seopress_robots_index":"","pgc_sgb_lightbox_settings":"","footnotes":""},"class_list":["post-2066","page","type-page","status-publish"],"acf":[],"_links":{"self":[{"href":"https:\/\/kessler-handorn.de\/karriere\/wp-json\/wp\/v2\/pages\/2066","targetHints":{"allow":["GET"]}}],"collection":[{"href":"https:\/\/kessler-handorn.de\/karriere\/wp-json\/wp\/v2\/pages"}],"about":[{"href":"https:\/\/kessler-handorn.de\/karriere\/wp-json\/wp\/v2\/types\/page"}],"author":[{"embeddable":true,"href":"https:\/\/kessler-handorn.de\/karriere\/wp-json\/wp\/v2\/users\/4"}],"replies":[{"embeddable":true,"href":"https:\/\/kessler-handorn.de\/karriere\/wp-json\/wp\/v2\/comments?post=2066"}],"version-history":[{"count":3,"href":"https:\/\/kessler-handorn.de\/karriere\/wp-json\/wp\/v2\/pages\/2066\/revisions"}],"predecessor-version":[{"id":2070,"href":"https:\/\/kessler-handorn.de\/karriere\/wp-json\/wp\/v2\/pages\/2066\/revisions\/2070"}],"wp:attachment":[{"href":"https:\/\/kessler-handorn.de\/karriere\/wp-json\/wp\/v2\/media?parent=2066"}],"curies":[{"name":"wp","href":"https:\/\/api.w.org\/{rel}","templated":true}]}}