{"id":681,"date":"2023-05-16T16:40:52","date_gmt":"2023-05-16T14:40:52","guid":{"rendered":"https:\/\/kessler-handorn.de\/karriere\/?page_id=681"},"modified":"2026-04-09T10:39:51","modified_gmt":"2026-04-09T08:39:51","slug":"ausbildung-pflege","status":"publish","type":"page","link":"https:\/\/kessler-handorn.de\/karriere\/ausbildung-pflege\/","title":{"rendered":"Ausbildung in der Pflege"},"content":{"rendered":"\n<h1>\n\t\t\tAusbildung in der Pflege\t<\/h1>\n\t<h2>Darum solltest du eine Ausbildung in der Pflege machen!<\/h2>\n<figure itemscope itemtype=\"https:\/\/schema.org\/ImageObject\">\n\t\t\t\t<img decoding=\"async\" src=\"https:\/\/kessler-handorn.de\/karriere\/wp-content\/uploads\/2023\/06\/blutdruck-workshop-scaled-1.jpg\" alt=\"blutdruck workshop scaled\" height=\"900\" width=\"1200\" title=\"blutdruck workshop scaled\" onerror=\"this.style.display='none'\" loading=\"lazy\" \/>\n\t<\/figure>\n\t\t<h3>Erf\u00fcllender Beruf<\/h3><hr \/>\n<p>Die Arbeit in der Pflege ist eine \u00e4u\u00dferst erf\u00fcllende T\u00e4tigkeit, da man Menschen in schwierigen Lebenssituationen unterst\u00fctzt und ihnen helfen kann, wieder gesund zu werden oder ein w\u00fcrdevolles Leben im Alter zu f\u00fchren. Du erf\u00e4hrst Dankbarkeit und Freude.<\/p>\n\t\t<h3>Gute Jobperspektiven<\/h3><hr \/>\n<p>Aufgrund der demografischen Entwicklung in vielen L\u00e4ndern wird der Bedarf an Pflegekr\u00e4ften in den n\u00e4chsten Jahren weiter steigen. Eine Ausbildung in der Pflege bietet daher gute Jobperspektiven und die Chance auf eine langfristige Besch\u00e4ftigung.<\/p>\n\t\t<h3>Vielseitige T\u00e4tigkeit<\/h3><hr \/>\n<p>Die Arbeit in der Pflege ist sehr vielseitig und abwechslungsreich. Pflegekr\u00e4fte haben die M\u00f6glichkeit, in verschiedenen Bereichen t\u00e4tig zu sein, wie beispielsweise in der Altenpflege, Krankenpflege oder Kinderkrankenpflege. Jeder Bereich hat seine eigenen Herausforderungen und bietet die M\u00f6glichkeit, unterschiedliche F\u00e4higkeiten und Erfahrungen zu sammeln.<\/p>\n\t\t<h3>Pers\u00f6nliche Weiterentwicklung<\/h3><hr \/>\n<p>Eine Ausbildung in der Pflege bietet die M\u00f6glichkeit zur pers\u00f6nlichen Weiterentwicklung. Pflegekr\u00e4fte m\u00fcssen nicht nur \u00fcber fachliche Kompetenzen verf\u00fcgen, sondern auch \u00fcber soziale Kompetenzen wie Einf\u00fchlungsverm\u00f6gen und kommunikative F\u00e4higkeiten. Die Arbeit in der Pflege erfordert daher auch eine Auseinandersetzung mit der eigenen Pers\u00f6nlichkeit und kann somit zu einem pers\u00f6nlichen Wachstum beitragen.<\/p>\n\t\t<h3>Wichtige gesellschaftliche Aufgabe<\/h3><hr \/>\n<p>Die Arbeit in der Pflege ist eine wichtige gesellschaftliche Aufgabe. Durch ihre Arbeit leisten Pflegekr\u00e4fte einen wertvollen Beitrag zum Wohl der Gesellschaft und tragen dazu bei, dass Menschen, die auf Hilfe angewiesen sind, eine angemessene Versorgung erhalten.<\/p>\n\t\t\t<p>Mit einer Ausbildung als Altenpflegehelfer bzw. Altenpflegehelferin oder als Pflegefachfrau bzw. Pflegefachmann hast du einen <b>ersten Einstieg in den medizinischen Bereich<\/b>. Von hier aus gibt es viele M\u00f6glichkeiten f\u00fcr Dich.<\/p>\t\t\n\t\t\t\t<a href=\"\/#ausbildungen\" role=\"button\" target=\"_self\">\n\t\t\t\t\t\t\t\t\t\tMehr lesen\n\t\t\t\t\t\t\t\t\t<\/a>\n<h2>\n\t\t\tAusbildungsangebote\t<\/h2>\n\t<p>Wir bilden in vielen verschiedenen Berufsbildern in Pflegeberufen aus. Schau&#8216; dich gerne um. Da ist bestimmt auch ein Traumberuf f\u00fcr dich dabei!<\/p>\n<figure itemscope itemtype=\"https:\/\/schema.org\/ImageObject\">\n\t\t\t\t<img decoding=\"async\" src=\"https:\/\/kessler-handorn.de\/karriere\/wp-content\/uploads\/2023\/05\/pflege-kaiserslautern-700x464.jpg\" alt=\"pflege kaiserslautern\" height=\"464\" width=\"700\" title=\"pflege kaiserslautern\" onerror=\"this.style.display='none'\" loading=\"lazy\" \/>\n\t<\/figure>\n<h3>\n\t\t<a href=\"https:\/\/kessler-handorn.de\/karriere\/ausbildung-pflegefachfrau-pflegefachmann\/\" title=\"Pflegefachfrau \/ Pflegefachmann (m\/w\/d)\"  target=\"_self\">\n\t\t\tPflegefachfrau \/ Pflegefachmann (m\/w\/d)\t\t<\/a>\n\t<\/h3>\n\t<p>3-j\u00e4hrige Ausbildung mit europaweit anerkanntem Examen<\/p>\n<h3>\n\t\t<a href=\"https:\/\/kessler-handorn.de\/karriere\/ausbildung-altenpflegehelfer-altenpflegehelferin\/\" title=\"Altenpflegehelfer \/ Altenpflegehelferin (m\/w\/d)\"  target=\"_self\">\n\t\t\tAltenpflegehelfer \/ Altenpflegehelferin (m\/w\/d)\t\t<\/a>\n\t<\/h3>\n\t<p>1-j\u00e4hrige Ausbildung mit staatlich anerkanntem Examen<\/p>\n<h3>\n\t\t<a href=\"https:\/\/kessler-handorn.de\/karriere\/ausbildung-kauffrau-kaufmann-gesundheitswesen\/\" title=\"Kauffrau \/ Kaufmann im Gesundheitswesen\"  target=\"_self\">\n\t\t\tKauffrau \/ Kaufmann im Gesundheitswesen\t\t<\/a>\n\t<\/h3>\n\t<p>3-j\u00e4hrige Ausbildung mit IHK Abschluss<\/p>\n<h2>\n\t\t\tWissens&shy;wertes zur Ausbildung in der Pflege\t<\/h2>\n<h3>\n\t\t\tArbeitszeiten in der Ausbildung\t<\/h3>\n\t<p>Deine <strong>Dienstzeiten in der Pflegeausbildung<\/strong> liegen zwischen 6:30 Uhr und 21 Uhr. Nachdienste gibt es bei uns erst ab dem 2. bzw. 3. Ausbildungsjahr (je nach Arbeitsbereich bis zu 7 Nachtdienste). Bei Jugendlichen unter 18 Jahren ver\u00e4ndern sich die Dienstzeiten entsprechend Jugendschutzgesetz.<\/p>\n<h3>\n\t\t\tGehalt in der Pflegeausbildung\t<\/h3>\n\t<p>Dein <strong>Gehalt in der Ausbildung<\/strong> liegt je nach Ausbildungsgang im 1. Jahr zwischen 1.227-1.345 \u20ac und steigert sich bis zum 3. Jahr auf 1.380-1.512 \u20ac<\/p>\n<p>Zus\u00e4tzlich zum Gehalt gibt es <strong>Sonn-und Feiertagszuschl\u00e4ge<\/strong> (im Schichtdienst) sowie eine <strong>Bonuszahlung<\/strong> von 250 \u20ac pro Jahr. Nach beendeter Ausbildung erwartet dich bei \u00dcbernahme zudem eine <strong>Abschlusspr\u00e4mie<\/strong>.<\/p>\n<h3>\n\t\t\tVoraussetzung f\u00fcr die Ausbildung\t<\/h3>\n\t<p>Du kannst bei uns <strong>jede Ausbildung mit Hauptschulabschluss<\/strong> beginnen. Nur f\u00fcr die Ausbildung als Pflegefachfrau bzw. Pflegefachmann ben\u00f6tigst du zus\u00e4tzlich eine einj\u00e4hrige Berufserfahrung oder den Realschulabschluss.<\/p>\n<p>Nat\u00fcrlich sind auch Abiturient*innen bei uns herzlich willkommen.<\/p>\n<h2>\n\t\t\tAusbildungskonzept\t<\/h2>\n\t<p>Da wir eine hohe Fachkompetenz unserer Mitarbeiter*innen erwarten, ist es f\u00fcr uns selbstverst\u00e4ndlich, dass wir diese hohe Fachkompetenz auch unseren Auszubildenden vermitteln. Daher haben wir unser \u201eAusbildungskonzept<sup>+<\/sup>&#8220; geschaffen, welches eine Verbesserung zur gew\u00f6hnlichen Pflege-Ausbildung darstellt.<\/p>\n\t<ul>\n<li>Gro\u00dfes Ausbildungsteam inkl. zwei Pflegep\u00e4dagogen, die dich und deine Ausbildung unterst\u00fctzen<\/li>\n<li>Gezielte F\u00f6rderung und Vermittlung digitaler Kompetenz<\/li>\n<li>Einsatz von modernster Technik und Ausstattung<\/li>\n<li>Hauseigenes Skillslab (\u00dcbungsraum) f\u00fcr praktische \u00dcbungen wie Wundversorgungen, Injektionen etc.<\/li>\n<li>30 Auszubildende, die im gegenseitigen Austausch stehen<\/li>\n<\/ul>\n\t<ul>\n<li>Einarbeitungswoche am Anfang der Ausbildung<\/li>\n<li>Junges engagiertes Ausbildungsteam, das immer ein offenes Ohr f\u00fcr dich hat<\/li>\n<li>Regelm\u00e4\u00dfige Azubi-Treffen zum Austausch<\/li>\n<li>Famili\u00e4re Arbeitsatmosph\u00e4re &amp; Teamgeist<\/li>\n<li>Kommunikation auf Augenh\u00f6he<\/li>\n<li>Ber\u00fccksichtigung deiner W\u00fcnsche bei der Dienstplanung f\u00fcr eine gute Work-Life-Balance<\/li>\n<\/ul>\n\t<ul>\n<li>Attraktive Verg\u00fctung<\/li>\n<li>Bonuszahlung + Abschlusspr\u00e4mie<\/li>\n<li>finanzielle Unterst\u00fctzung bei der Nutzung \u00f6ffentlicher Verkehrsmittel<\/li>\n<li>Zuschl\u00e4ge f\u00fcr Sonn- und Feiertagsarbeit<\/li>\n<li>Sehr gute \u00dcbernahme-Chancen<\/li>\n<\/ul>\n\t<p>Unsere Ziele<\/p>\n\t<p>Deine Vorteile<\/p>\n\t<p>Hohe Ausbildungsqualit\u00e4t<\/p>\n\t<p>Gute Karrierechancen<\/p>\n\t<p>Sicherstellung guter Pr\u00fcfungsvorbereitungen<\/p>\n\t<p>Erfolgreicher Abschluss, sehr gute \u00dcbernahmechancen<\/p>\n\t<p>Verbesserung der praktischen Ausbildung durch Erh\u00f6hung der Anleitungszeit (mehr als laut Pflegeberufegesetz vorgesehen)<\/p>\n\t<p>Vorbereitung auf das sp\u00e4tere Berufsleben<\/p>\n\t<p>Gute Arbeitsatmosph\u00e4re und wertsch\u00e4tzender Umgang<\/p>\n\t<p>Spa\u00df im Berufsalltag<\/p>\n\t<p>Gesunde und gl\u00fcckliche Auszubildende<\/p>\n\t<p>Ber\u00fccksichtigung deiner W\u00fcnsche im Dienstplan, Work-Life-Balance<\/p>\n\t<p>Gute Einarbeitung<\/p>\n\t<p>Eine Einarbeitungswoche, in der du unser Unternehmen, das Ausbildungsteam und die anderen Azubis kennenlernen kannst.<\/p>\n<h2>\n\t\t\tAktuelle Ausbildungsstellen\t<\/h2>\n<h2>\n\t\t\tUnser Team\t<\/h2>\n\t<p>Um die hohe Ausbildungsqualit\u00e4t bei Kessler-Handorn zu gew\u00e4hrleisten haben wir ein gro\u00dfes Ausbildungsteam, welches die Ausbildung immer auf dem neuesten Stand h\u00e4lt und sich mit Anleitung und Betreuung intensiv um unsere Auszubildenden und deren Belange k\u00fcmmert.<\/p>\n<p>Zudem bieten unsere Pflegep\u00e4dagoginnen und Qualit\u00e4tsmanagerinnen hausinterne Workshops in allen Pflegebereichen an, um dich optimal zu unterst\u00fctzen.<\/p>\n\t<iframe allowfullscreen allow=\"autoplay\" data-src=\"https:\/\/www.youtube-nocookie.com\/embed\/ZEwoBkNLIxY?feature=oembed&amp;start&amp;end&amp;wmode=opaque&amp;loop=0&amp;controls=1&amp;mute=0&amp;rel=0&amp;modestbranding=1\" title=\"Kessler-Handorn Ausbildungsleitung\"><\/iframe>\t\t\n\t\t\t\t\tPlay Video\n\tDie Verbindung zu YouTube ist blockiert worden. Durch einen Klick auf den Play-Button heben Sie diese Blockierung auf und akzeptieren die Datenschutzbestimmungen von YouTube.<br \/>\n<a href=\"https:\/\/policies.google.com\/privacy?hl=de&amp;gl=de\" target=\"_blank\" rel=\"noopener\">Mehr Informationen zum Datenschutz von YouTube finden Sie hier<\/a>\n\n","protected":false},"excerpt":{"rendered":"<p>Ausbildung in der Pflege Darum solltest du eine Ausbildung in der Pflege machen! Erf\u00fcllender Beruf Die Arbeit in der Pflege ist eine \u00e4u\u00dferst erf\u00fcllende T\u00e4tigkeit, da man Menschen in schwierigen Lebenssituationen unterst\u00fctzt und ihnen helfen kann, wieder gesund zu werden oder ein w\u00fcrdevolles Leben im Alter zu f\u00fchren. Du erf\u00e4hrst Dankbarkeit und Freude. Gute Jobperspektiven &#8230; <a title=\"Ausbildung in der Pflege\" class=\"read-more\" href=\"https:\/\/kessler-handorn.de\/karriere\/ausbildung-pflege\/\" aria-label=\"Mehr Informationen \u00fcber Ausbildung in der Pflege\">Weiterlesen<\/a><\/p>\n","protected":false},"author":1,"featured_media":0,"parent":0,"menu_order":0,"comment_status":"closed","ping_status":"closed","template":"","meta":{"_acf_changed":false,"_seopress_robots_primary_cat":"","_seopress_titles_title":"","_seopress_titles_desc":"","_seopress_robots_index":"","pgc_sgb_lightbox_settings":"","footnotes":""},"class_list":["post-681","page","type-page","status-publish"],"acf":[],"_links":{"self":[{"href":"https:\/\/kessler-handorn.de\/karriere\/wp-json\/wp\/v2\/pages\/681","targetHints":{"allow":["GET"]}}],"collection":[{"href":"https:\/\/kessler-handorn.de\/karriere\/wp-json\/wp\/v2\/pages"}],"about":[{"href":"https:\/\/kessler-handorn.de\/karriere\/wp-json\/wp\/v2\/types\/page"}],"author":[{"embeddable":true,"href":"https:\/\/kessler-handorn.de\/karriere\/wp-json\/wp\/v2\/users\/1"}],"replies":[{"embeddable":true,"href":"https:\/\/kessler-handorn.de\/karriere\/wp-json\/wp\/v2\/comments?post=681"}],"version-history":[{"count":20,"href":"https:\/\/kessler-handorn.de\/karriere\/wp-json\/wp\/v2\/pages\/681\/revisions"}],"predecessor-version":[{"id":2204,"href":"https:\/\/kessler-handorn.de\/karriere\/wp-json\/wp\/v2\/pages\/681\/revisions\/2204"}],"wp:attachment":[{"href":"https:\/\/kessler-handorn.de\/karriere\/wp-json\/wp\/v2\/media?parent=681"}],"curies":[{"name":"wp","href":"https:\/\/api.w.org\/{rel}","templated":true}]}}