{"id":773,"date":"2023-05-28T11:50:49","date_gmt":"2023-05-28T09:50:49","guid":{"rendered":"https:\/\/kessler-handorn.de\/karriere\/?page_id=773"},"modified":"2026-04-09T10:14:31","modified_gmt":"2026-04-09T08:14:31","slug":"ausbildung-pflegefachfrau-pflegefachmann","status":"publish","type":"page","link":"https:\/\/kessler-handorn.de\/karriere\/ausbildung-pflegefachfrau-pflegefachmann\/","title":{"rendered":"Ausbildung zur\/zum Pflegefachfrau\/Pflegefachmann"},"content":{"rendered":"\n<h1>\n\t\t\tAusbildung Pflege&shy;fachfrau \/ Pflege&shy;fachmann\t<\/h1>\n\t<p>Alle Infos zu diesem Ausbildungsberuf findest du hier.<\/p>\n<figure itemscope itemtype=\"https:\/\/schema.org\/ImageObject\">\n\t\t\t\t<img decoding=\"async\" src=\"https:\/\/kessler-handorn.de\/karriere\/wp-content\/uploads\/2023\/05\/pflege-herzlichkeit-gute-laune-700x467.jpg\" alt=\"Auszubildende Pflegefachfrau -Herzlichkeit und gute Laune\" height=\"467\" width=\"700\" title=\"Auszubildende Pflegefachfrau -Herzlichkeit und gute Laune\" onerror=\"this.style.display='none'\" loading=\"lazy\" \/>\n\t<\/figure>\n\t<p>Die Ausbildung zur Pflegefachfrau oder zum Pflegefachmann ist eine <strong>dreij\u00e4hrige duale Ausbildung<\/strong>, die sowohl theoretischen Unterricht als auch praktische Ausbildung umfasst.<\/p>\n<p>Sie beinhaltet die Vermittlung von Kenntnissen in verschiedenen Bereichen, wie z.B. der Anatomie und Physiologie, Krankheitslehre, Pflegeplanung, Pharmakologie, Hygiene und Pr\u00e4vention. Auch die Themen Kommunikation, Ethik und Recht spielen eine wichtige Rolle. Der theoretische Unterricht findet grunds\u00e4tzlich in der Berufsschule statt. Aber um unsere Auszubildenden besser vorzubereiten, bieten wir bei <a href=\"https:\/\/kessler-handorn.de\" target=\"_blank\" rel=\"noopener\">Kessler-Handorn<\/a> mit unserem Ausbildungskonzept+ zus\u00e4tzlichen internen Unterricht an.<\/p>\n<p>Die theoretische Ausbildung wird durch Praktika in Krankenh\u00e4usern, Altenheimen oder anderen Pflegeeinrichtungen erg\u00e4nzt. W\u00e4hrend der praktischen Ausbildung erlernen angehende Pflegefachfrauen und Pflegefachm\u00e4nner die Betreuung, Versorgung und Pflege von Patienten*innen bzw. Bewohnern*innen und werden geschult, wie sie medizinische Ger\u00e4te bedienen und Medikamente verabreichen.<\/p>\n\t<p>Zur Verbesserung der praktischen Ausbildung bietet unser Ausbildungsteam zus\u00e4tzliche praktische \u00dcbungen in unserem hauseigenen Skillslab (\u00dcbungsraum) sowie zwei Anleitungstage pro Monat an. Auch die Zusammenarbeit im interdisziplin\u00e4ren Team sowie die Dokumentation von Pflegema\u00dfnahmen wird vermittelt.<\/p>\n<p>Nach erfolgreichem Abschluss der Ausbildung erlangen die Absolventinnen und Absolventen einen staatlich anerkannten Abschluss als Pflegefachfrau oder Pflegefachmann und k\u00f6nnen in verschiedenen Bereichen der Gesundheits- und Krankenpflege, Altenpflege oder auch der Kinderkrankenpflege arbeiten. Durch unser umfassendes Leistungsspektrum k\u00f6nnen wir bei <a href=\"https:\/\/kessler-handorn.de\" target=\"_blank\" rel=\"noopener\">Kessler-Handorn<\/a> viele M\u00f6glichkeiten zur Weiterentwicklung bieten.<\/p>\n\t\t\t<a href=\"https:\/\/kessler-handorn.jobs.personio.com\/job\/2406286?apply\"  target=\"_self\">\n\t\t\t\t\t\t\tJetzt bewerben &rarr;\n\t\t\t\t\t<\/a>\n<h2>\n\t\t\tAufgabenbereiche w\u00e4hrend der Ausbildung\t<\/h2>\n<h3>\n\t\t\tAdministrative T\u00e4tigkeiten\t<\/h3>\n\t<ul>\n<li>Dokumentationen (Pflegebericht, Anamnese, Risikoerkennung etc.)<\/li>\n<li>Trink- und Essprotokolle, Vitalzeichenkontrolle etc.<\/li>\n<li>Pflegeplanungen<\/li>\n<\/ul>\n<h3>\n\t\t\tGrund&shy;pflegerische T\u00e4tigkeiten\t<\/h3>\n\t<ul>\n<li>Fachgerechte Lagerungen<\/li>\n<li>Aktivierung, Transfers und Mobilisation<\/li>\n<li>Mundgerechte Zubereitung und Anreichen der Nahrung<\/li>\n<\/ul>\n<h3>\n\t\t\tBehandlungs&shy;pflegerische T\u00e4tig&shy;keiten\t<\/h3>\n\t<ul>\n<li>Richten und Verabreichen von Medikamenten<\/li>\n<li>Wundversorgung aller Art<\/li>\n<li>Injektionen: intramuskul\u00e4r und subkutan<\/li>\n<\/ul>\n<h2>\n\t\t\tWissenswertes zur Ausbildung\t<\/h2>\n\t\t\t\t<h3 itemprop=\"name description\">So ist die Ausbildung zur Pflegefachfrau bzw. zum Pflegefachmann aufgebaut<\/h3>\n<p>Du hast in der Regel einen 14-t\u00e4gigen Blockunterricht im Wechsel mit 14-t\u00e4gigen Praxisphasen. W\u00e4hrend den Praxisphasen hast du verschiedene externe fachpraktische Eins\u00e4tze z. B. im Krankenhaus, im ambulanten Pflegedienst, der P\u00e4diatrie etc.<\/p>\n<p>Du hast am Ende des zweiten Ausbildungsjahrs eine Zwischenpr\u00fcfung und nach dem dritten Ausbildungsjahr schlie\u00dft du deine Ausbildung mit einem staatlichen Examen ab, welche EU-weit anerkannt ist.<\/p>\n\t\t\t\t<h3 itemprop=\"name description\">Diesen Schulabschluss ben\u00f6tigst du zur Ausbildung als Pflegefachfrau bzw. Pflegefachmann<\/h3>\n<p>Du ben\u00f6tigst einen <strong>Hauptschulabschluss mit zus\u00e4tzlicher 1-j\u00e4hriger Berufsausbildung<\/strong> oder einen <strong>Realschulabschluss<\/strong>. Auch Abiturient*innen sind bei uns herzlich willkommen.<\/p>\n\t\t\t\t<h3 itemprop=\"name description\">So bewirbst du dich richtig f\u00fcr die Ausbildung zur Pflegefachfrau bzw. zum Pflegefachmann<\/h3>\n<p>Damit du dir rechtzeitig den notwendigen Schulplatz sicherst, bewirbst du dich am besten bei einer Ausbildungsfirma wie z. B. Kessler-Handorn und meldest dich zeitgleich bei einer Berufsschule an. Der Anmeldeschluss bei den Schulen ist h\u00e4ufig schon Anfang M\u00e4rz!<\/p>\n<p><strong>Wir kooperieren mit folgenden Schulen<\/strong><\/p>\n<ul>\n<li>Berufsbildende Schule II in Kaiserslautern<br \/><a href=\"https:\/\/www.bbsiikl.de\/\" target=\"_blank\" rel=\"noreferrer noopener\">https:\/\/www.bbsiikl.de\/<\/a><\/li>\n<li>Pflegeschule des Pfalzklinikums am Standort Kaiserslautern<br \/><a href=\"https:\/\/www.pfalzklinikum.de\/ueber-uns\/zentrale-dienste\/krankenpflegeschule\/krankenpflegeschule-kaiserslautern\" target=\"_blank\" rel=\"noreferrer noopener\">https:\/\/www.pfalzklinikum.de\/ueber-uns\/zentrale-dienste\/krankenpflegeschule\/krankenpflegeschule-kaiserslautern<\/a><br \/><\/li>\n<\/ul>\n<p>Bei Kessler-Handorn kannst du dich ganz einfach \u00fcber unser <a href=\"https:\/\/kessler-handorn.de\/karriere\/ausbildung-pflege\/#bewerbungsformular-ausbildung\" data-type=\"link\" data-id=\"https:\/\/kessler-handorn.de\/karriere\/ausbildung-pflege\/#bewerbungsformular-ausbildung\">Online-Formular<\/a> bewerben oder eine E-Mail senden an <a href=\"mailto:bewerbung@kessler-handorn.de\">bewerbung@kessler-handorn.de<\/a>. Vergiss bitte nicht anzugeben f\u00fcr welche Ausbildung du dich bewirbst und welchen Schulabschluss du hast.<\/p>\n<p>Bei Fragen kannst du unser Ausbildungsteam unter <a href=\"tel:+496313173150\">0631 3173-150<\/a> erreichen.<\/p>\n\t\t\t\t<h3 itemprop=\"name description\">Vor Beginn deiner Ausbildung zur Pflegefachfrau bzw. zum Pflegfachmann ben\u00f6tigst du folgende Unterlagen<\/h3>\n<p>Um die Ausbildung beginnen zu k\u00f6nnen, ben\u00f6tigst du<\/p>\n<ol>\n<li>Einen Ausbildungsvertrag mit einer der kooperierenden Schulen<\/li>\n<li>Eine Best\u00e4tigung des ausbildenden Betriebes, d.h. von Kessler-Handorn<\/li>\n<\/ol>\n\t\t\t\t<h3 itemprop=\"name description\">In der generalistischen Ausbildung kann du in folgenden Bereichen t\u00e4tig sein<\/h3>\n<ul>\n<li>In der station\u00e4re Langzeitpflege (Pflegeheim o.\u00e4.)<\/li>\n<li>In der Psychiatrie<\/li>\n<li>In der P\u00e4diatrie (Kinderkrankenpflege)<\/li>\n<li>Im Krankenhaus<\/li>\n<li>In einem ambulanten Pflegedienst u.v.m<\/li>\n<\/ul>\n\t\t\t\t<h3 itemprop=\"name description\">Unter diesen Kooperationsschulen kannst du frei w\u00e4hlen<\/h3>\n<p><strong>Wir kooperieren mit folgenden Schulen<\/strong><\/p>\n<ul>\n<li>Berufsbildende Schule II in Kaiserslautern<br \/><a href=\"https:\/\/www.bbsiikl.de\/\" target=\"_blank\" rel=\"noreferrer noopener\">https:\/\/www.bbsiikl.de\/<\/a><\/li>\n<li>Pflegeschule des Pfalzklinikums am Standort Kaiserslautern<br \/><a href=\"https:\/\/www.pfalzklinikum.de\/ueber-uns\/zentrale-dienste\/krankenpflegeschule\/krankenpflegeschule-kaiserslautern\" target=\"_blank\" rel=\"noreferrer noopener\">https:\/\/www.pfalzklinikum.de\/ueber-uns\/zentrale-dienste\/krankenpflegeschule\/krankenpflegeschule-kaiserslautern<\/a><\/li>\n<\/ul>\n\n","protected":false},"excerpt":{"rendered":"<p>Ausbildung Pflege&shy;fachfrau \/ Pflege&shy;fachmann Alle Infos zu diesem Ausbildungsberuf findest du hier. Die Ausbildung zur Pflegefachfrau oder zum Pflegefachmann ist eine dreij\u00e4hrige duale Ausbildung, die sowohl theoretischen Unterricht als auch praktische Ausbildung umfasst. Sie beinhaltet die Vermittlung von Kenntnissen in verschiedenen Bereichen, wie z.B. der Anatomie und Physiologie, Krankheitslehre, Pflegeplanung, Pharmakologie, Hygiene und Pr\u00e4vention. Auch &#8230; <a title=\"Ausbildung zur\/zum Pflegefachfrau\/Pflegefachmann\" class=\"read-more\" href=\"https:\/\/kessler-handorn.de\/karriere\/ausbildung-pflegefachfrau-pflegefachmann\/\" aria-label=\"Mehr Informationen \u00fcber Ausbildung zur\/zum Pflegefachfrau\/Pflegefachmann\">Weiterlesen<\/a><\/p>\n","protected":false},"author":1,"featured_media":0,"parent":0,"menu_order":0,"comment_status":"closed","ping_status":"closed","template":"","meta":{"_acf_changed":false,"_seopress_robots_primary_cat":"","_seopress_titles_title":"","_seopress_titles_desc":"","_seopress_robots_index":"","pgc_sgb_lightbox_settings":"","footnotes":""},"class_list":["post-773","page","type-page","status-publish"],"acf":[],"_links":{"self":[{"href":"https:\/\/kessler-handorn.de\/karriere\/wp-json\/wp\/v2\/pages\/773","targetHints":{"allow":["GET"]}}],"collection":[{"href":"https:\/\/kessler-handorn.de\/karriere\/wp-json\/wp\/v2\/pages"}],"about":[{"href":"https:\/\/kessler-handorn.de\/karriere\/wp-json\/wp\/v2\/types\/page"}],"author":[{"embeddable":true,"href":"https:\/\/kessler-handorn.de\/karriere\/wp-json\/wp\/v2\/users\/1"}],"replies":[{"embeddable":true,"href":"https:\/\/kessler-handorn.de\/karriere\/wp-json\/wp\/v2\/comments?post=773"}],"version-history":[{"count":20,"href":"https:\/\/kessler-handorn.de\/karriere\/wp-json\/wp\/v2\/pages\/773\/revisions"}],"predecessor-version":[{"id":2197,"href":"https:\/\/kessler-handorn.de\/karriere\/wp-json\/wp\/v2\/pages\/773\/revisions\/2197"}],"wp:attachment":[{"href":"https:\/\/kessler-handorn.de\/karriere\/wp-json\/wp\/v2\/media?parent=773"}],"curies":[{"name":"wp","href":"https:\/\/api.w.org\/{rel}","templated":true}]}}