{"id":870,"date":"2023-06-08T17:49:13","date_gmt":"2023-06-08T15:49:13","guid":{"rendered":"https:\/\/kessler-handorn.de\/karriere\/?page_id=870"},"modified":"2025-11-13T15:29:23","modified_gmt":"2025-11-13T14:29:23","slug":"jobs","status":"publish","type":"page","link":"https:\/\/kessler-handorn.de\/karriere\/jobs\/","title":{"rendered":"Jobs"},"content":{"rendered":"\n<h1>\n\t\t\tJobs in der Pflege\t<\/h1>\n\t<p>Aktuelle Stellenangebote bei Kessler-Handorn. Wir freuen uns auf Ihre Bewerbung.<\/p>\n\t\t\t\t<img decoding=\"async\" src=\"https:\/\/kessler-handorn.de\/karriere\/wp-content\/uploads\/2023\/05\/gute-laune-pflege-700x467.jpg\" alt=\"gute laune pflege\" itemprop=\"image\" height=\"467\" width=\"700\" title=\"gute laune pflege\" onerror=\"this.style.display='none'\" loading=\"lazy\" \/>\n<h2>\n\t\t\tAktuelle Stellenangebote bei Kessler-Handorn\t<\/h2>\n\t\t\t<a href=\"https:\/\/kessler-handorn.de\/karriere\/datenschutzhinweise-bewerber\/\" target=\"_self\">\n\t\t\t\t\t\t\tDatenschutzhinweise f\u00fcr Bewerber &rarr;\n\t\t\t\t\t<\/a>\n<h2>\n\t\t\tNichts Passendes dabei?\t<\/h2>\n\t<p>Wenn bei den aktuellen Stellenangeboten nichts Passendes dabei ist, freuen wir uns \u00fcber Ihre Initiativbewerbung. Einfach Ihr T\u00e4tigkeitsfeld ausw\u00e4hlen, Formular ausf\u00fcllen und absenden!<\/p>\n\t<p>Nat\u00fcrlich k\u00f6nnen Sie uns auch gerne direkt ansprechen unter <a href=\"tel:0631 3173 120\">0631 3173 120<\/a>.<\/p>\n\t\t\t\t<img decoding=\"async\" src=\"https:\/\/kessler-handorn.de\/karriere\/wp-content\/uploads\/2023\/07\/personalabteilung-700x663.jpg\" alt=\"personalabteilung\" itemprop=\"image\" height=\"663\" width=\"700\" title=\"personalabteilung\" onerror=\"this.style.display='none'\" loading=\"lazy\" \/>\n<h3>\n\t\t\tInitiativbewerbung\t<\/h3>\n\t\t\t<a href=\"https:\/\/kessler-handorn.jobs.personio.com\/job\/2404134#apply\" target=\"_blank\" rel=\"noopener\">\n\t\t\t\t\t\t\tJetzt bewerben &rarr;\n\t\t\t\t\t<\/a>\n\n","protected":false},"excerpt":{"rendered":"<p>Jobs in der Pflege Aktuelle Stellenangebote bei Kessler-Handorn. Wir freuen uns auf Ihre Bewerbung. Aktuelle Stellenangebote bei Kessler-Handorn Datenschutzhinweise f\u00fcr Bewerber &rarr; Nichts Passendes dabei? Wenn bei den aktuellen Stellenangeboten nichts Passendes dabei ist, freuen wir uns \u00fcber Ihre Initiativbewerbung. Einfach Ihr T\u00e4tigkeitsfeld ausw\u00e4hlen, Formular ausf\u00fcllen und absenden! Nat\u00fcrlich k\u00f6nnen Sie uns auch gerne direkt &#8230; <a title=\"Jobs\" class=\"read-more\" href=\"https:\/\/kessler-handorn.de\/karriere\/jobs\/\" aria-label=\"Mehr Informationen \u00fcber Jobs\">Weiterlesen<\/a><\/p>\n","protected":false},"author":1,"featured_media":0,"parent":0,"menu_order":0,"comment_status":"closed","ping_status":"closed","template":"","meta":{"_acf_changed":false,"_seopress_robots_primary_cat":"","_seopress_titles_title":"","_seopress_titles_desc":"","_seopress_robots_index":"","pgc_sgb_lightbox_settings":"","footnotes":""},"class_list":["post-870","page","type-page","status-publish"],"acf":[],"_links":{"self":[{"href":"https:\/\/kessler-handorn.de\/karriere\/wp-json\/wp\/v2\/pages\/870","targetHints":{"allow":["GET"]}}],"collection":[{"href":"https:\/\/kessler-handorn.de\/karriere\/wp-json\/wp\/v2\/pages"}],"about":[{"href":"https:\/\/kessler-handorn.de\/karriere\/wp-json\/wp\/v2\/types\/page"}],"author":[{"embeddable":true,"href":"https:\/\/kessler-handorn.de\/karriere\/wp-json\/wp\/v2\/users\/1"}],"replies":[{"embeddable":true,"href":"https:\/\/kessler-handorn.de\/karriere\/wp-json\/wp\/v2\/comments?post=870"}],"version-history":[{"count":20,"href":"https:\/\/kessler-handorn.de\/karriere\/wp-json\/wp\/v2\/pages\/870\/revisions"}],"predecessor-version":[{"id":2142,"href":"https:\/\/kessler-handorn.de\/karriere\/wp-json\/wp\/v2\/pages\/870\/revisions\/2142"}],"wp:attachment":[{"href":"https:\/\/kessler-handorn.de\/karriere\/wp-json\/wp\/v2\/media?parent=870"}],"curies":[{"name":"wp","href":"https:\/\/api.w.org\/{rel}","templated":true}]}}