{"id":947,"date":"2023-06-20T15:06:14","date_gmt":"2023-06-20T13:06:14","guid":{"rendered":"https:\/\/kessler-handorn.de\/karriere\/?page_id=947"},"modified":"2026-04-09T10:15:20","modified_gmt":"2026-04-09T08:15:20","slug":"ausbildung-altenpflegehelfer-altenpflegehelferin","status":"publish","type":"page","link":"https:\/\/kessler-handorn.de\/karriere\/ausbildung-altenpflegehelfer-altenpflegehelferin\/","title":{"rendered":"Ausbildung zur\/zum Altenpflegehelfer\/Altenpflegehelferin"},"content":{"rendered":"\n<h1>\n\t\t\tAusbildung Altenflege&shy;helferin\/ Altenpflege&shy;helfer\t<\/h1>\n\t<h2>Alle Infos zu diesem Ausbildungsberuf findest du hier.<\/h2>\n<figure itemscope itemtype=\"https:\/\/schema.org\/ImageObject\">\n\t\t\t\t<img decoding=\"async\" src=\"https:\/\/kessler-handorn.de\/karriere\/wp-content\/uploads\/2023\/06\/azubi-altenpflegehelferin-quer.jpg\" alt=\"Ausbildung Altenpflegehelferin \/ Altenpflegehelfer\" height=\"900\" width=\"1351\" title=\"azubi-altenpflegehelferin-quer\" onerror=\"this.style.display='none'\" loading=\"lazy\" \/>\n\t<\/figure>\n\t<p>Die Ausbildung zum Altenpflegehelfer oder zur Altenpflegehelferin ist eine einj\u00e4hrige Ausbildung, die theoretischen Unterricht und praktische Ausbildung in Pflegeeinrichtungen umfasst.<\/p>\n<p>W\u00e4hrend der Ausbildung lernen angehende Altenpflegehelferinnen und Altenpflegehelfer die Grundlagen der Pflege kennen, wie z.B. die K\u00f6rperpflege, die Ern\u00e4hrung, die Mobilisation und die Lagerung von Patienten. Auch die Themen Medikamentenvergabe, Dokumentation und Hygiene spielen eine wichtige Rolle.<\/p>\n<p>Der theoretische Unterricht findet in der Berufsschule statt und wird durch Praktika in Alten- und Pflegeheimen erg\u00e4nzt. Zus\u00e4tzlich zur Berufsschule bieten wir internen Unterricht an um unsere Auszubildenden besser vorzubereiten.<\/p>\n\t<p>In unseren Einrichtungen k\u00f6nnen die Auszubildenden dann das Erlernte direkt in die Praxis umsetzen und wertvolle Erfahrungen sammeln. Auch dabei werden sie von unseren Praxisanleiterinnen und Praxisanleitern umfassend unterst\u00fctzt. Mit unserem Ausbildungskonzept+ und dem hausinternen Skillslab haben wir viele M\u00f6glichkeiten unsere Auszubildenden optimal zu f\u00f6rdern.<\/p>\n<p>Nach erfolgreichem Abschluss der Ausbildung erlangen die Absolventinnen und Absolventen einen staatlich anerkannten Abschluss als Altenpflegehelfer oder Altenpflegehelferin und k\u00f6nnen in verschiedenen Bereichen der Altenpflege t\u00e4tig werden. Eine Fortf\u00fchrung der Ausbildung zur Pflegefachfrau bzw. zum Pflegefachmann ist ebenfalls m\u00f6glich.<\/p>\n<h2>\n\t\t\tAufgabenbereiche w\u00e4hrend der Ausbildung\t<\/h2>\n<h3>\n\t\t\tAdministrative T\u00e4tigkeiten\t<\/h3>\n\t<ul>\n<li>Dokumentation und Eintrag im Pflegebericht<\/li>\n<li>Vitalzeichenkontrolle<\/li>\n<li>Gewichtsverlauf<\/li>\n<\/ul>\n<h3>\n\t\t\tGrund&shy;pflegerische T\u00e4tigkeiten\t<\/h3>\n\t<ul>\n<li>Pflege: K\u00f6rperpflege\/ Abendpflege<\/li>\n<li>Aktivierung, Transfers und Mobilisation<\/li>\n<li>Mundgerechte Zubereitung und Anreichen der Nahrung<\/li>\n<\/ul>\n<h3>\n\t\t\tBehandlungs&shy;pflegerische T\u00e4tig&shy;keiten\t<\/h3>\n\t<ul>\n<li>Blutzuckermessung<\/li>\n<li>subkutane Injektionen<\/li>\n<li>Verabreichung von Tropfen und Salben nach Anleitung<\/li>\n<\/ul>\n<h2>\n\t\t\tDas gibt es \u00fcber die Ausbildung zu wissen\t<\/h2>\n\t\t\t\t<h3 itemprop=\"name description\">So ist die Ausbildung zur Altenpflegehelferin bzw. zum Altenpflegehelfer aufgebaut<\/h3>\n<p>Du hast Blockunterricht in der Schule im Wechsel mit Praxisphasen in unseren Einrichtungen sowie externe Eins\u00e4tze z. B. im Krankenhaus. Zus\u00e4tzlich erh\u00e4ltst du bei Kessler-Handorn internen Unterricht f\u00fcr eine bessere Pr\u00fcfungsvorbereitung. Bestandteil der Ausbildung sind auch 120 Stunden in einem ambulanten Pflegedienst Pflicht, die du in unserem Pflegedienst machen kannst.\u00a0<\/p>\n<p>Nach einem Jahr hast du deine Abschlusspr\u00fcfung und ein staatliches Examen. Bei erfolgreichem Abschluss <strong>gilt <\/strong>dies auch<strong> als mittlere Reife <\/strong>und du hast die M\u00f6glichkeit die generalistische Ausbildung zu machen.<\/p>\n\n\t\t\t\t<h3 itemprop=\"name description\">Diesen Schulabschluss ben\u00f6tigst du f\u00fcr die Ausbildung zur Altenpflegehelferin bzw. zum Altenpflegehelfer<\/h3>\n<p>Du kannst diese Ausbildung mit einem <strong>Hauptschulabschluss<\/strong> machen. Wir nehmen aber auch Sch\u00fcler mit Realschulabschluss oder Abitur.\u00a0<\/p>\n\t\t\t\t<h3 itemprop=\"name description\">So bewirbst du dich richtig f\u00fcr die Ausbildung zur Altenpflegehelferin bzw. zum Altenpflegehelfer<\/h3>\n<p>Damit du dir rechtzeitig den notwendigen Schulplatz sicherst, bewirbst du dich am besten bei einer Ausbildungsfirma wie z. B. Kessler-Handorn und meldest dich zeitgleich bei einer Berufsschule an. Der Anmeldeschluss bei den Schulen ist h\u00e4ufig schon Anfang M\u00e4rz!<\/p>\n<p>Wir kooperieren mit folgenden Schulen<\/p>\n<ul>\n<li>Berufsbildende Schule II in Kaiserslautern<br \/><a href=\"https:\/\/www.bbsiikl.de\/\">https:\/\/www.bbsiikl.de\/<\/a>&nbsp;<\/li>\n<li>Pflegeschule des Pfalzklinikums am Standort Kaiserslautern<br \/><a href=\"https:\/\/www.pfalzklinikum.de\/ueber-uns\/zentrale-dienste\/krankenpflegeschule\/krankenpflegeschule-kaiserslautern\" target=\"_blank\" rel=\"noreferrer noopener\">https:\/\/www.pfalzklinikum.de\/ueber-uns\/zentrale-dienste\/krankenpflegeschule\/krankenpflegeschule-kaiserslautern<\/a><br \/><\/li>\n<\/ul>\n<p>Bei Kessler-Handorn kannst du dich ganz einfach \u00fcber unser <a href=\"https:\/\/kessler-handorn.de\/karriere\/ausbildung-pflege\/#bewerbungsformular-ausbildung\" data-type=\"link\" data-id=\"https:\/\/kessler-handorn.de\/karriere\/ausbildung-pflege\/#bewerbungsformular-ausbildung\">Online-Formular<\/a> bewerben oder eine E-Mail senden an <a href=\"mailto:bewerbung@kessler-handorn.de\">bewerbung@kessler-handorn.de<\/a>. Vergiss bitte nicht anzugeben f\u00fcr welche Ausbildung du dich bewirbst und welchen Schulabschluss du hast.<\/p>\n<p>Bei Fragen kannst du unser Ausbildungsteam unter 0631 3173-150 erreichen.<\/p>\n\t\t\t\t<h3 itemprop=\"name description\">Vor Beginn deiner Ausbildung zur Altenpflegehelferin bzw. zum Altenpflegehelfer ben\u00f6tigst du folgende Unterlagen<\/h3>\n<p>Um die Ausbildung beginnen zu k\u00f6nnen, ben\u00f6tigst du <\/p>\n<ul>\n<li>Einen Ausbildungsvertrag mit einer der kooperierenden Schulen <\/li>\n<\/ul>\n<ul>\n<li>Eine Best\u00e4tigung des ausbildenden Betriebes, d.h. von Kessler-Handorn<\/li>\n<\/ul>\n\n\t\t\t\t<h3 itemprop=\"name description\">Unter diesen Kooperationsschulen kannst du frei w\u00e4hlen<\/h3>\n<p><strong>Wir kooperieren mit folgenden Schulen<\/strong><\/p>\n<ul>\n<li>Berufsbildende Schule II in Kaiserslautern<br \/><a href=\"https:\/\/www.bbsiikl.de\/\" target=\"_blank\" rel=\"noreferrer noopener\">https:\/\/www.bbsiikl.de\/<\/a><\/li>\n<li>Pflegeschule des Pfalzklinikums am Standort Kaiserslautern<br \/><a href=\"https:\/\/www.pfalzklinikum.de\/ueber-uns\/zentrale-dienste\/krankenpflegeschule\/krankenpflegeschule-kaiserslautern\" target=\"_blank\" rel=\"noreferrer noopener\">https:\/\/www.pfalzklinikum.de\/ueber-uns\/zentrale-dienste\/krankenpflegeschule\/krankenpflegeschule-kaiserslautern<\/a><\/li>\n<\/ul>\n\n","protected":false},"excerpt":{"rendered":"<p>Ausbildung Altenflege&shy;helferin\/ Altenpflege&shy;helfer Alle Infos zu diesem Ausbildungsberuf findest du hier. Die Ausbildung zum Altenpflegehelfer oder zur Altenpflegehelferin ist eine einj\u00e4hrige Ausbildung, die theoretischen Unterricht und praktische Ausbildung in Pflegeeinrichtungen umfasst. W\u00e4hrend der Ausbildung lernen angehende Altenpflegehelferinnen und Altenpflegehelfer die Grundlagen der Pflege kennen, wie z.B. die K\u00f6rperpflege, die Ern\u00e4hrung, die Mobilisation und die Lagerung &#8230; <a title=\"Ausbildung zur\/zum Altenpflegehelfer\/Altenpflegehelferin\" class=\"read-more\" href=\"https:\/\/kessler-handorn.de\/karriere\/ausbildung-altenpflegehelfer-altenpflegehelferin\/\" aria-label=\"Mehr Informationen \u00fcber Ausbildung zur\/zum Altenpflegehelfer\/Altenpflegehelferin\">Weiterlesen<\/a><\/p>\n","protected":false},"author":1,"featured_media":0,"parent":0,"menu_order":0,"comment_status":"closed","ping_status":"closed","template":"","meta":{"_acf_changed":false,"_seopress_robots_primary_cat":"","_seopress_titles_title":"","_seopress_titles_desc":"","_seopress_robots_index":"","pgc_sgb_lightbox_settings":"","footnotes":""},"class_list":["post-947","page","type-page","status-publish"],"acf":[],"_links":{"self":[{"href":"https:\/\/kessler-handorn.de\/karriere\/wp-json\/wp\/v2\/pages\/947","targetHints":{"allow":["GET"]}}],"collection":[{"href":"https:\/\/kessler-handorn.de\/karriere\/wp-json\/wp\/v2\/pages"}],"about":[{"href":"https:\/\/kessler-handorn.de\/karriere\/wp-json\/wp\/v2\/types\/page"}],"author":[{"embeddable":true,"href":"https:\/\/kessler-handorn.de\/karriere\/wp-json\/wp\/v2\/users\/1"}],"replies":[{"embeddable":true,"href":"https:\/\/kessler-handorn.de\/karriere\/wp-json\/wp\/v2\/comments?post=947"}],"version-history":[{"count":20,"href":"https:\/\/kessler-handorn.de\/karriere\/wp-json\/wp\/v2\/pages\/947\/revisions"}],"predecessor-version":[{"id":2199,"href":"https:\/\/kessler-handorn.de\/karriere\/wp-json\/wp\/v2\/pages\/947\/revisions\/2199"}],"wp:attachment":[{"href":"https:\/\/kessler-handorn.de\/karriere\/wp-json\/wp\/v2\/media?parent=947"}],"curies":[{"name":"wp","href":"https:\/\/api.w.org\/{rel}","templated":true}]}}