{"id":997,"date":"2023-06-22T15:12:40","date_gmt":"2023-06-22T13:12:40","guid":{"rendered":"https:\/\/kessler-handorn.de\/karriere\/?page_id=997"},"modified":"2023-07-12T15:04:18","modified_gmt":"2023-07-12T13:04:18","slug":"fsj-freiwilliges-soziales-jahr-praktikum","status":"publish","type":"page","link":"https:\/\/kessler-handorn.de\/karriere\/fsj-freiwilliges-soziales-jahr-praktikum\/","title":{"rendered":"FSJ \/ Praktikum"},"content":{"rendered":"\n<h1>\n\t\tPraktika &#038; FSJ (Freiwilliges soziales Jahr)\n\t<\/h1>\n\t<p>Wenn du ausprobieren m\u00f6chtest, ob ein Pflegeberuf f\u00fcr dich passt.<\/p>\n\t\t\t\t<img decoding=\"async\" src=\"https:\/\/kessler-handorn.de\/karriere\/wp-content\/uploads\/2023\/06\/fsj-praktikum-700x467.jpg\" alt=\"Praktikum oder FSJ in der Pflege\" itemprop=\"image\" height=\"467\" width=\"700\" title=\"fsj-praktikum\" onerror=\"this.style.display='none'\"  \/>\n<h2>\n\t\tFreiwilliges soziales Jahr\n\t<\/h2>\n\t<p>Viele nutzen das FSJ um auszuprobieren, ob eine Ausbildung in der Pflege f\u00fcr sie in Frage kommt. Wir freuen uns, dass es regelm\u00e4\u00dfig FSJ-ler gibt, die sich nach dem Jahr f\u00fcr eine Ausbildung in unserem Haus entscheiden.<\/p>\n<p>Grundvoraussetzung f\u00fcr den Beginn eines FSJ ist die Zusage vom\u00a0Internationalen Bund. Zus\u00e4tzlich m\u00fcsst Ihr euch beim gew\u00fcnschten Ausbildungsbetrieb bewerben.<\/p>\n<h3>Zugangsvoraussetzungen f\u00fcr das FSJ<\/h3>\n<ul>\n<li>Vollendung 9. Klasse (Hauptschulabschluss)<\/li>\n<\/ul>\n<p>Bist Du noch nicht vollj\u00e4hrig musst Du bzw. deine Eltern einen Antrag auf Befreiung von der Schulpflicht (nach \u00a7 60 Absatz 2 Ziffer 4, Schulgesetz) bei der ADD einreichen. Bei Fragen k\u00f6nnen wir hier gerne unterst\u00fctzen.<\/p>\n<h2>\n\t\tPraktika im Pflegeberuf\n\t<\/h2>\n\t<p>Schulpraktika und Praktika bis 2 Monate k\u00f6nnen gerne jederzeit geleistet werden.<\/p>\n\t\t\t\t<img decoding=\"async\" src=\"https:\/\/kessler-handorn.de\/karriere\/wp-content\/uploads\/2023\/05\/gute-laune-pflege.jpg\" alt=\"gute laune pflege\" itemprop=\"image\" height=\"1333\" width=\"2000\" title=\"gute laune pflege\" onerror=\"this.style.display='none'\"  \/>\n\t\t\t<a href=\"#bewerbung\" target=\"_self\" rel=\"noopener\">\n\t\t\t\t\t\t\tJetzt bewerben &rarr;\n\t\t\t\t\t<\/a>\n\t\tInteressiert?\n\t\t\t<p>Dann bewirb dich einfach \u00fcber unser Bewerbungsformular. Wir freuen uns auf dich!<\/p>\t\t\n\t\t    <form data-form_id=\"5\" id=\"fluentform_5\" data-form_instance=\"ff_form_instance_5_1\" method=\"POST\"><fieldset>\n                    <legend>Bewerbung FSJ\/Praktika<\/legend>        <input type=\"checkbox\"\n                name=\"item__5__fluent_checkme_\"\n                value=\"1\" tabindex=\"-1\"\/>\n        <input type='hidden' name='__fluent_form_embded_post_id' value='997' \/><input type=\"hidden\" id=\"_fluentform_5_fluentformnonce\" name=\"_fluentform_5_fluentformnonce\" value=\"b5240b0da6\" \/><input type=\"hidden\" name=\"_wp_http_referer\" value=\"\/karriere\/?page_id=997&#038;fl_builder\" \/><label for='ff_5_names_first_name_' aria-label=\"Vorname\">Vorname<\/label> <input type=\"text\" name=\"names[first_name]\" id=\"ff_5_names_first_name_\" placeholder=\"Vorname\" aria-invalid=\"false\" aria-required=false\/><label for='ff_5_names_last_name_' aria-label=\"Nachname\">Nachname<\/label> <input type=\"text\" name=\"names[last_name]\" id=\"ff_5_names_last_name_\" placeholder=\"Nachname\" aria-invalid=\"false\" aria-required=false\/><label for='ff_5_email' aria-label=\"E-Mail\">E-Mail<\/label> <input type=\"email\" name=\"email\" id=\"ff_5_email\" placeholder=\"E-Mail\" data-name=\"email\"  aria-invalid=\"false\" aria-required=true\/><label for='ff_5_input_text' aria-label=\"Telefon\">Telefon<\/label> <input type=\"text\" name=\"input_text\" placeholder=\"Telefonnummer, falls wir dich anrufen sollen\" data-name=\"input_text\" id=\"ff_5_input_text\"  aria-invalid=\"false\" aria-required=false\/><label  aria-label=\"Ich interessiere mich f\u00fcr:\">Ich interessiere mich f\u00fcr:<\/label> <label class='ff-el-form-check-label' for=input_radio_66bf0fb12c532c4ae6f60aafa5bfbf33><input type=\"radio\" name=\"input_radio\" data-name=\"input_radio\" value=\"FSJ (Freiwilliges soziales Jahr)\"  id='input_radio_66bf0fb12c532c4ae6f60aafa5bfbf33' aria-label='FSJ (Freiwilliges soziales Jahr)' aria-invalid='false' aria-required=false\/> FSJ (Freiwilliges soziales Jahr)<\/label><label class='ff-el-form-check-label' for=input_radio_3664df634348bed745248aca81faa485><input type=\"radio\" name=\"input_radio\" data-name=\"input_radio\" value=\"Praktikum\"  id='input_radio_3664df634348bed745248aca81faa485' aria-label='Praktikum' aria-invalid='false' aria-required=false\/> Praktikum<\/label><label for='ff_5_schulklasse' aria-label=\"Aktuell besuche ich die Schulklasse\">Aktuell besuche ich die Schulklasse<\/label> <input type=\"text\" name=\"schulklasse\" placeholder=\"z.B. 9\" data-name=\"schulklasse\" id=\"ff_5_schulklasse\"  aria-invalid=\"false\" aria-required=false\/><label for='ff_5_message' aria-label=\"Deine Nachricht an uns\">Deine Nachricht an uns<\/label> <textarea aria-invalid=\"false\" aria-required=true name=\"message\" id=\"ff_5_message\" placeholder=\"Deine Nachricht an uns\" rows=\"4\" cols=\"2\" data-name=\"message\"><\/textarea><label aria-label='terms &#038; conditions' class='ff-el-form-check-label ff_tc_label' for=gdpr-agreement_36a7bab688d119af708dad61fc8769f3><input type=\"checkbox\" name=\"gdpr-agreement\" data-name=\"gdpr-agreement\" id=\"gdpr-agreement_36a7bab688d119af708dad61fc8769f3\"  value='on' aria-invalid='false' aria-required=true\/> Ich habe die <a href=\"https:\/\/kessler-handorn.de\/karriere\/datenschutzerklaerung\" target=\"_blank\" rel=\"noopener\">Datenschutzbestimmungen<\/a> zur Kenntnis genommen.\nIch stimme zu, dass meine Angaben zur Kontaktaufnahme und f\u00fcr R\u00fcckfragen dauerhaft gespeichert werden.<\/label><button type=\"submit\">Absenden<\/button><\/fieldset><\/form>        \n\n","protected":false},"excerpt":{"rendered":"<p>Praktika &#038; FSJ (Freiwilliges soziales Jahr) Wenn du ausprobieren m\u00f6chtest, ob ein Pflegeberuf f\u00fcr dich passt. Freiwilliges soziales Jahr Viele nutzen das FSJ um auszuprobieren, ob eine Ausbildung in der Pflege f\u00fcr sie in Frage kommt. Wir freuen uns, dass es regelm\u00e4\u00dfig FSJ-ler gibt, die sich nach dem Jahr f\u00fcr eine Ausbildung in unserem Haus &#8230; <a title=\"FSJ \/ Praktikum\" class=\"read-more\" href=\"https:\/\/kessler-handorn.de\/karriere\/fsj-freiwilliges-soziales-jahr-praktikum\/\" aria-label=\"Mehr Informationen \u00fcber FSJ \/ Praktikum\">Weiterlesen<\/a><\/p>\n","protected":false},"author":1,"featured_media":0,"parent":0,"menu_order":0,"comment_status":"closed","ping_status":"closed","template":"","meta":{"_acf_changed":false,"_seopress_robots_primary_cat":"","_seopress_titles_title":"","_seopress_titles_desc":"","_seopress_robots_index":"","pgc_sgb_lightbox_settings":"","footnotes":""},"class_list":["post-997","page","type-page","status-publish"],"acf":[],"_links":{"self":[{"href":"https:\/\/kessler-handorn.de\/karriere\/wp-json\/wp\/v2\/pages\/997","targetHints":{"allow":["GET"]}}],"collection":[{"href":"https:\/\/kessler-handorn.de\/karriere\/wp-json\/wp\/v2\/pages"}],"about":[{"href":"https:\/\/kessler-handorn.de\/karriere\/wp-json\/wp\/v2\/types\/page"}],"author":[{"embeddable":true,"href":"https:\/\/kessler-handorn.de\/karriere\/wp-json\/wp\/v2\/users\/1"}],"replies":[{"embeddable":true,"href":"https:\/\/kessler-handorn.de\/karriere\/wp-json\/wp\/v2\/comments?post=997"}],"version-history":[{"count":15,"href":"https:\/\/kessler-handorn.de\/karriere\/wp-json\/wp\/v2\/pages\/997\/revisions"}],"predecessor-version":[{"id":1405,"href":"https:\/\/kessler-handorn.de\/karriere\/wp-json\/wp\/v2\/pages\/997\/revisions\/1405"}],"wp:attachment":[{"href":"https:\/\/kessler-handorn.de\/karriere\/wp-json\/wp\/v2\/media?parent=997"}],"curies":[{"name":"wp","href":"https:\/\/api.w.org\/{rel}","templated":true}]}}